{"id":3,"date":"2025-11-28T16:29:28","date_gmt":"2025-11-28T16:29:28","guid":{"rendered":"https:\/\/carriehandmade.com\/?page_id=3"},"modified":"2025-11-30T20:32:00","modified_gmt":"2025-11-30T20:32:00","slug":"privacy-policy","status":"publish","type":"page","link":"https:\/\/carriehandmade.com\/en\/privacy-policy\/","title":{"rendered":"Privacy Policy"},"content":{"rendered":"<div data-elementor-type=\"wp-page\" data-elementor-id=\"3\" class=\"elementor elementor-3\">\n\t\t\t\t<div class=\"elementor-element elementor-element-2d9c2163 e-flex e-con-boxed wpr-particle-no wpr-jarallax-no wpr-parallax-no wpr-sticky-section-no wpr-equal-height-no e-con e-parent\" data-id=\"2d9c2163\" data-element_type=\"container\" data-e-type=\"container\">\n\t\t\t\t\t<div class=\"e-con-inner\">\n\t\t\t\t<div class=\"elementor-element elementor-element-05ff114 elementor-widget elementor-widget-heading\" data-id=\"05ff114\" data-element_type=\"widget\" data-e-type=\"widget\" data-widget_type=\"heading.default\">\n\t\t\t\t\t<h2 class=\"elementor-heading-title elementor-size-default\">Privacy Policy<\/h2>\t\t\t\t<\/div>\n\t\t\t\t<div class=\"elementor-element elementor-element-4cc6c401 elementor-widget elementor-widget-text-editor\" data-id=\"4cc6c401\" data-element_type=\"widget\" data-e-type=\"widget\" data-widget_type=\"text-editor.default\">\n\t\t\t\t\t\t\t\t\t\n<h2 class=\"wp-block-heading\">Welcome to Carrie Handmade<\/h2>\n<h2 class=\"wp-block-heading\"><\/h2>\n<p>This Privacy Policy describes how your personal information is collected, used, and shared when you visit or make purchases at <strong>http:\/\/carriehandmade.pt\/<\/strong>.<\/p>\n<p>\u00a0<\/p>\n<h2 class=\"wp-block-heading\"><\/h2>\n<h3 class=\"wp-block-heading\">The personal information we collect<\/h3>\n<h2 class=\"wp-block-heading\"><\/h2>\n<p>When you visit http:\/\/carriehandmade.pt\/, we automatically collect certain information about your device, including information about your web browser, IP address, time zone, and some of the cookies that are installed on your device.<\/p>\n<p>Additionally, while you browse http:\/\/carriehandmade.pt\/, we collect information about the individual pages or products you view, the websites or search terms that referred you to http:\/\/carriehandmade.pt\/, and information about how you interact with http:\/\/carriehandmade.pt\/. We refer to this automatically collected information as Device Information.<\/p>\n<p>\u00a0<\/p>\n<h2 class=\"wp-block-heading\"><\/h2>\n<h4 class=\"wp-block-heading\">We collect Device Information using the following technologies:<\/h4>\n<h2 class=\"wp-block-heading\"><\/h2>\n<ul>\n<li><strong>Cookies<\/strong> are data files placed on your device or computer and often include a unique anonymous identifier.<\/li>\n<\/ul>\n<p>\u00a0<\/p>\n<ul>\n<li><strong>Log files<\/strong> record actions that occur on the Site and collect data, including your IP address, browser type, internet service provider, referring\/exit pages, and date\/time stamps.<\/li>\n<\/ul>\n<p>\u00a0<\/p>\n<h2 class=\"wp-block-heading\"><\/h2>\n<p>Al\u00e9m disso, quando realiza uma compra ou tenta realizar uma compra atrav\u00e9s do http:\/\/carriehandmade.pt\/, recolhemos certas informa\u00e7\u00f5es, incluindo o seu nome, endere\u00e7o de fatura\u00e7\u00e3o, endere\u00e7o de expedi\u00e7\u00e3o, informa\u00e7\u00e3o de pagamento (incluindo n\u00fameros de cart\u00e3o de cr\u00e9dito) endere\u00e7o de email e n\u00famero de telefone. Isto chama-se Informa\u00e7\u00e3o da Encomenda.<\/p>\n<p>For Personal Information, in this Privacy Policy, we refer to Device Information and Order Information.<\/p>\n<p>\u00a0<\/p>\n<h2 class=\"wp-block-heading\"><\/h2>\n<h3 class=\"wp-block-heading\">How we use your personal information<\/h3>\n<h2 class=\"wp-block-heading\"><\/h2>\n<p>We generally use the Order Information collected to fulfill any orders placed through the Site (including processing your payment information, arranging for shipping, and providing you with invoices and\/or order confirmations).<\/p>\n<h2 class=\"wp-block-heading\"><\/h2>\n<h4>Additionally, we use this order information to:<\/h4>\n<ul>\n<li>Communicate with you<\/li>\n<li>Analyze our orders for potential risks or fraud<\/li>\n<li>When aligned with the preferences you have shared with us, to provide you with information or advertising related to our products or services.<\/li>\n<\/ul>\n<p>\u00a0<\/p>\n<p>We use the Device Information we collect to help us screen for potential risk and fraud (especially your IP address) and, more generally, to improve and optimize our Site.<\/p>\n<h2 class=\"wp-block-heading\"><\/h2>\n<h3 class=\"wp-block-heading\">Sharing your personal information<\/h3>\n<h2 class=\"wp-block-heading\"><\/h2>\n<p>We share your Personal Information with third parties who help us use your Personal Information as described above.<\/p>\n<p>We also use Google Analytics to help us understand how our customers use Carrie Handmade. How Google uses your Personal Information.<\/p>\n<p>Finally, we may also share your Personal Information to comply with applicable laws and regulations, to respond to subpoenas, search warrants, or other legal requests for information we receive, or to otherwise protect our rights.<\/p>\n<p>\u00a0<\/p>\n<h2 class=\"wp-block-heading\"><\/h2>\n<h3 class=\"wp-block-heading\">Behavioral advertising<\/h3>\n<h2 class=\"wp-block-heading\"><\/h2>\n<p>We use your Personal Information to provide you with targeted advertisements or marketing communications we believe may be of interest to you.<\/p>\n<p>\u00a0<\/p>\n<h2 class=\"wp-block-heading\"><\/h2>\n<h3 class=\"wp-block-heading\">Your rights<\/h3>\n<h2 class=\"wp-block-heading\"><\/h2>\n<p>If you are a resident of Europe, you have the right to access the personal information we hold about you and to request that your personal information be corrected, updated, or deleted. If you wish to exercise this right, please contact us.<\/p>\n<p>Furthermore, if you are a resident of Europe, we emphasize that we process your information to fulfill contracts we may have with you (for example, if you place an order through http:\/\/carriehandmade.pt\/) or to otherwise pursue our legitimate business interests listed above.<\/p>\n<p>Please note that your information will be transferred outside of Europe, including to Canada and the United States.<\/p>\n<h2 class=\"wp-block-heading\"><\/h2>\n<h3 class=\"wp-block-heading\">Data retention<\/h3>\n<h2 class=\"wp-block-heading\"><\/h2>\n<p>When you place an order through http:\/\/carriehandmade.pt\/, we will keep your Order Information in our records unless you ask us to delete the information.<\/p>\n<h2 class=\"wp-block-heading\"><\/h2>\n<h3 class=\"wp-block-heading\">Changes<\/h3>\n<p>We may update this privacy policy from time to time to reflect, for example, changes in our practices or for other operational, legal, or regulatory reasons.<\/p>\n<p>If you have any further questions and\/or require more information, please do not hesitate to contact us <strong>geral.carriehandmade@gmail.com<\/strong> .<\/p>\t\t\t\t\t\t\t\t<\/div>\n\t\t\t\t\t<\/div>\n\t\t\t\t<\/div>\n\t\t\t\t<\/div>","protected":false},"excerpt":{"rendered":"<p>Politica de Privacidade Bem-vindo \u00e0 Carrie Handmade Esta Pol\u00edtica de Privacidade descreve como a sua informa\u00e7\u00e3o pessoal \u00e9 recolhida, usada e partilhada ao visitar ou fazer compras em http:\/\/carriehandmade.pt\/. \u00a0 A informa\u00e7\u00e3o pessoal que recolhemos Quando visita o http:\/\/carriehandmade.pt\/, recolhemos automaticamente certas informa\u00e7\u00f5es sobre o seu dispositivo, incluindo informa\u00e7\u00e3o sobre o seu navegador de internet, endere\u00e7o de IP, fuso hor\u00e1rio e algumas das cookies que est\u00e3o instaladas no seu dispositivo. Adicionalmente, enquanto navega pelo http:\/\/carriehandmade.pt\/, recolhemos informa\u00e7\u00e3o sobre as p\u00e1ginas individuais ou os produtos que visualiza, os sites ou termos de pesquisa que o direcionaram para o http:\/\/carriehandmade.pt\/ e a informa\u00e7\u00e3o sobre como interage com o http:\/\/carriehandmade.pt\/. Referimo-nos a esta informa\u00e7\u00e3o recolhida automaticamente como Informa\u00e7\u00e3o do Dispositivo. \u00a0 Recolhemos Informa\u00e7\u00e3o do Dispositivo usando as tecnologias seguintes: Cookies s\u00e3o ficheiros de dados colocados no seu dispositivo ou computador e frequentemente incluem um identificador an\u00f3nimo \u00fanico. \u00a0 Log files registam a\u00e7\u00f5es que ocorrem no Site e recolhem dados, incluindo o seu endere\u00e7o de IP, tipo de navegador, fornecedor de servi\u00e7o de internet, p\u00e1ginas de refer\u00eancia\/sa\u00edda e marcadores de data\/hora. \u00a0 Al\u00e9m disso, quando realiza uma compra ou tenta realizar uma compra atrav\u00e9s do http:\/\/carriehandmade.pt\/, recolhemos certas informa\u00e7\u00f5es, incluindo o seu nome, endere\u00e7o de fatura\u00e7\u00e3o, endere\u00e7o de expedi\u00e7\u00e3o, informa\u00e7\u00e3o de pagamento (incluindo n\u00fameros de cart\u00e3o de cr\u00e9dito) endere\u00e7o de email e n\u00famero de telefone. Isto chama-se Informa\u00e7\u00e3o da Encomenda. Por Informa\u00e7\u00e3o Pessoal, nesta Pol\u00edtica de Privacidade, referimo-nos a Informa\u00e7\u00e3o do Dispositivo e Informa\u00e7\u00e3o da Encomenda. \u00a0 Como usamos a sua informa\u00e7\u00e3o pessoal Geralmente, usamos a Informa\u00e7\u00e3o da Encomenda recolhida para cumprir qualquer encomenda realizada atrav\u00e9s do Site (incluindo o processamento da sua informa\u00e7\u00e3o de pagamento, tratar da expedi\u00e7\u00e3o e fornecer-lhe as faturas e\/ou confirma\u00e7\u00f5es da encomenda). Adicionalmente, usamos esta informa\u00e7\u00e3o da encomenda para: Comunicar consigo Analisar as nossas encomendas em busca de potenciais riscos ou fraudes Quando alinhadas com as prefer\u00eancias que partilhou connosco, fornecer-lhe informa\u00e7\u00e3o ou publicidade relacionada com os nossos produtos ou servi\u00e7os. \u00a0 Usamos a Informa\u00e7\u00e3o de Dispositivo que recolhemos para nos ajudar a eliminar potenciais riscos e fraudes (especialmente, o seu endere\u00e7o de IP) e, mais frequentemente, para melhorar e otimizar o nosso Site. Partilhar a sua informa\u00e7\u00e3o pessoal Partilhamos a sua Informa\u00e7\u00e3o Pessoal com entidades terceiras que nos ajudam a usar a sua Informa\u00e7\u00e3o Pessoal, tal como descrito acima. Tamb\u00e9m usamos a Google Analytics para nos ajudar a perceber como os nossos clientes usam a Carrie Handmade. Como a Google usa a sua Informa\u00e7\u00e3o Pessoal. Finalmente, tamb\u00e9m podemos partilhar a sua Informa\u00e7\u00e3o Pessoal para cumprir leis e regulamentos aplic\u00e1veis, para responder a intima\u00e7\u00f5es, mandados de busca ou outros pedidos legais relativos a informa\u00e7\u00e3o que recebemos, ou para proteger os nossos direitos de qualquer outra forma. \u00a0 Publicidade comportamental Usamos a sua Informa\u00e7\u00e3o Pessoal para lhe fornecer an\u00fancios direcionados ou comunica\u00e7\u00f5es de marketing que acreditamos que possam ser do seu interesse. \u00a0 Os seus direitos Se for residente na Europa, tem o direito de aceder \u00e0 informa\u00e7\u00e3o pessoal que temos sobre si e de pedir que a sua informa\u00e7\u00e3o pessoal seja corrigida, atualizada ou eliminada. Se desejar exercer este direito, por favor, contacte-nos. Al\u00e9m disso, se for residente na Europa, real\u00e7amos que processamos a sua informa\u00e7\u00e3o para cumprir contratos que possamos ter consigo (por exemplo, se realizar uma encomenda atrav\u00e9s do http:\/\/carriehandmade.pt\/) ou para, de outra qualquer forma, perseguir os nossos interesses comerciais leg\u00edtimos listados acima. Tenha em aten\u00e7\u00e3o que a sua informa\u00e7\u00e3o ser\u00e1 transferida para fora da Europa, incluindo para o Canad\u00e1 e para os Estados Unidos. Reten\u00e7\u00e3o de dados Quando realizar uma encomenda atrav\u00e9s do http:\/\/carriehandmade.pt\/, manteremos a sua Informa\u00e7\u00e3o de Encomenda nos nossos registos, a n\u00e3o ser que nos pe\u00e7a para eliminar a informa\u00e7\u00e3o. Altera\u00e7\u00f5es Podemos atualizar esta pol\u00edtica de privacidade ocasionalmente de forma a refletir, por exemplo, mudan\u00e7as nas nossas pr\u00e1ticas ou devido a outros motivos operacionais, legais ou regulat\u00f3rios. Caso tenha mais quest\u00f5es e\/ou precise de mais informa\u00e7\u00e3o, n\u00e3o hesite em contactar-nos geral.carriehandmade@gmail.com .<\/p>","protected":false},"author":1,"featured_media":0,"parent":0,"menu_order":0,"comment_status":"closed","ping_status":"open","template":"","meta":{"footnotes":""},"class_list":["post-3","page","type-page","status-publish","hentry"],"aioseo_notices":[],"_hostinger_reach_plugin_has_subscription_block":false,"_hostinger_reach_plugin_is_elementor":false,"_links":{"self":[{"href":"https:\/\/carriehandmade.com\/en\/wp-json\/wp\/v2\/pages\/3","targetHints":{"allow":["GET"]}}],"collection":[{"href":"https:\/\/carriehandmade.com\/en\/wp-json\/wp\/v2\/pages"}],"about":[{"href":"https:\/\/carriehandmade.com\/en\/wp-json\/wp\/v2\/types\/page"}],"author":[{"embeddable":true,"href":"https:\/\/carriehandmade.com\/en\/wp-json\/wp\/v2\/users\/1"}],"replies":[{"embeddable":true,"href":"https:\/\/carriehandmade.com\/en\/wp-json\/wp\/v2\/comments?post=3"}],"version-history":[{"count":4,"href":"https:\/\/carriehandmade.com\/en\/wp-json\/wp\/v2\/pages\/3\/revisions"}],"predecessor-version":[{"id":47,"href":"https:\/\/carriehandmade.com\/en\/wp-json\/wp\/v2\/pages\/3\/revisions\/47"}],"wp:attachment":[{"href":"https:\/\/carriehandmade.com\/en\/wp-json\/wp\/v2\/media?parent=3"}],"curies":[{"name":"wp","href":"https:\/\/api.w.org\/{rel}","templated":true}]}}