{"id":53,"date":"2025-11-30T20:36:23","date_gmt":"2025-11-30T20:36:23","guid":{"rendered":"https:\/\/carriehandmade.com\/?page_id=53"},"modified":"2025-11-30T20:37:29","modified_gmt":"2025-11-30T20:37:29","slug":"politica-de-envio","status":"publish","type":"page","link":"https:\/\/carriehandmade.com\/en\/politica-de-envio\/","title":{"rendered":"Politica de envio"},"content":{"rendered":"<div data-elementor-type=\"wp-page\" data-elementor-id=\"53\" class=\"elementor elementor-53\">\n\t\t\t\t<div class=\"elementor-element elementor-element-a48677b e-flex e-con-boxed wpr-particle-no wpr-jarallax-no wpr-parallax-no wpr-sticky-section-no wpr-equal-height-no e-con e-parent\" data-id=\"a48677b\" data-element_type=\"container\" data-e-type=\"container\">\n\t\t\t\t\t<div class=\"e-con-inner\">\n\t\t<div class=\"elementor-element elementor-element-7d0e540 e-con-full e-flex wpr-particle-no wpr-jarallax-no wpr-parallax-no wpr-sticky-section-no wpr-equal-height-no e-con e-child\" data-id=\"7d0e540\" data-element_type=\"container\" data-e-type=\"container\">\n\t\t\t\t<div class=\"elementor-element elementor-element-e5f0828 elementor-widget elementor-widget-heading\" data-id=\"e5f0828\" data-element_type=\"widget\" data-e-type=\"widget\" data-widget_type=\"heading.default\">\n\t\t\t\t\t<h2 class=\"elementor-heading-title elementor-size-default\">Shipping Policy<\/h2>\t\t\t\t<\/div>\n\t\t\t\t<div class=\"elementor-element elementor-element-2e7d4d6 elementor-widget elementor-widget-text-editor\" data-id=\"2e7d4d6\" data-element_type=\"widget\" data-e-type=\"widget\" data-widget_type=\"text-editor.default\">\n\t\t\t\t\t\t\t\t\t<h2>Welcome to Carrie Handmade<\/h2><p><span style=\"font-size: 16px;\">At Carrie Handmade, we guarantee an efficient and secure shipping process so that you receive your products quickly and with peace of mind.<\/span><\/p><p>\u00a0<\/p><h4><strong>Shipping methods<\/strong><\/h4><p><!-- \/wp:heading --><!-- wp:paragraph --><\/p><p>Shipments are made via <strong data-start=\"325\" data-end=\"355\">CTT<\/strong>, ensuring reliable delivery service within the country and internationally.<\/p><p><!-- \/wp:paragraph --><!-- wp:heading --><\/p><p>\u00a0<\/p><p><!-- \/wp:paragraph --><!-- wp:heading --><\/p><h4 data-start=\"432\" data-end=\"460\"><strong data-start=\"437\" data-end=\"458\">Delivery Times and Costs<\/strong><\/h4><p data-start=\"461\" data-end=\"535\">The estimated delivery time is:<\/p><ul data-start=\"536\" data-end=\"622\"><li data-start=\"578\" data-end=\"622\"><strong data-start=\"580\" data-end=\"601\">Registered mail to Portugal<\/strong>: 2 to 3 business days*<\/li><li data-start=\"578\" data-end=\"622\"><strong>Registered mail to Europe: <\/strong>: 3 to 5 business days*<\/li><li data-start=\"578\" data-end=\"622\"><strong>Registered mail to the UK: <\/strong>: 5 to 7 business days*<\/li><\/ul><p data-start=\"624\" data-end=\"792\">*Delivery times are estimates provided by the USPS and may change due to periods of high shipping volume, strikes, or other external factors.<\/p><p data-start=\"624\" data-end=\"792\">*The estimated time is from the moment the order is shipped.<\/p><p data-start=\"461\" data-end=\"535\">The shipping cost is:<\/p><ul style=\"background-color: #ffffff; font-size: 16px;\" data-start=\"536\" data-end=\"622\"><li style=\"font-size: 16px;\" data-start=\"578\" data-end=\"622\"><span style=\"font-weight: bolder;\" data-start=\"580\" data-end=\"601\">Portugal<\/span>: free shipping<\/li><li style=\"font-size: 16px;\" data-start=\"578\" data-end=\"622\"><span style=\"font-weight: bolder;\">Europa: <\/span>10\u20ac<\/li><li style=\"font-size: 16px;\" data-start=\"578\" data-end=\"622\"><span style=\"font-weight: bolder;\">UK: <\/span>12\u20ac<\/li><\/ul><p data-start=\"821\" data-end=\"991\">\u00a0<\/p><h4 data-start=\"993\" data-end=\"1029\"><strong data-start=\"998\" data-end=\"1027\">Order Tracking<\/strong><\/h4><p data-start=\"1030\" data-end=\"1166\">When sending with<strong> Registered Mail<\/strong>You will be provided with a tracking number to track your order on the CTT website.<\/p><p data-start=\"1030\" data-end=\"1166\">\u00a0<\/p><h4 data-start=\"1168\" data-end=\"1195\"><strong data-start=\"1173\" data-end=\"1193\">Responsibility<\/strong><\/h4><p data-start=\"1196\" data-end=\"1376\">We are not responsible for delays caused by the postal service.<\/p><p data-start=\"1196\" data-end=\"1376\">\u00a0<\/p><h4 data-start=\"1378\" data-end=\"1405\"><strong data-start=\"1383\" data-end=\"1403\">Delivery Areas<\/strong><\/h4><p data-start=\"1406\" data-end=\"1481\">We ship to\u00a0<b>Portugal, Europa e UK<\/b>.<\/p><p data-start=\"1406\" data-end=\"1481\">\u00a0<\/p><p data-start=\"1483\" data-end=\"1594\">If you have any questions about the shipment of your order, please contact us at <b>geral.carriehandmade@gmail.com .<\/b><\/p>\t\t\t\t\t\t\t\t<\/div>\n\t\t\t\t<\/div>\n\t\t\t\t\t<\/div>\n\t\t\t\t<\/div>\n\t\t\t\t<\/div>","protected":false},"excerpt":{"rendered":"<p>Politica de Envio Bem-vindo \u00e0 Carrie Handmade Na Carrie Handmade, garantimos um processo de envio eficiente e seguro para que recebas os teus produtos com rapidez e tranquilidade. \u00a0 M\u00e9todos de envio Os envios s\u00e3o realizados atrav\u00e9s dos CTT, assegurando um servi\u00e7o de entrega fi\u00e1vel dentro do territ\u00f3rio nacional e internacional. \u00a0 Prazos e Custos de Entrega O tempo estimado para entrega \u00e9: Correio Registado para Portugal: 2 a 3 dias \u00fateis* Correio Registado para a Europa: 3 a 5 dias \u00fateis* Correio Registado para UK: 5 a 7 dias \u00fateis* *Os prazos de entrega s\u00e3o estimativas fornecidas pelos CTT e podem sofrer altera\u00e7\u00f5es devido a per\u00edodos de grande volume de envios, greves ou outros fatores externos. *O tempo estimado \u00e9 a partir do envio da encomenda O custo de envio \u00e9: Portugal: envios gr\u00e1tis Europa: 10\u20ac UK: 12\u20ac \u00a0 Rastreamento da Encomenda Ao enviar com Correio Registado, ser-te-\u00e1 fornecido um n\u00famero de rastreamento para acompanhares a tua encomenda no site dos CTT. \u00a0 Responsabilidade N\u00e3o nos responsabilizamos por atrasos causados pelos CTT. \u00a0 \u00c1reas de Entrega Realizamos envios para\u00a0Portugal, Europa e UK. \u00a0 Se tiveres alguma d\u00favida sobre o envio da tua encomenda, contacta-nos atrav\u00e9s de geral.carriehandmade@gmail.com .<\/p>","protected":false},"author":1,"featured_media":0,"parent":0,"menu_order":0,"comment_status":"closed","ping_status":"closed","template":"","meta":{"footnotes":""},"class_list":["post-53","page","type-page","status-publish","hentry"],"aioseo_notices":[],"_hostinger_reach_plugin_has_subscription_block":false,"_hostinger_reach_plugin_is_elementor":false,"_links":{"self":[{"href":"https:\/\/carriehandmade.com\/en\/wp-json\/wp\/v2\/pages\/53","targetHints":{"allow":["GET"]}}],"collection":[{"href":"https:\/\/carriehandmade.com\/en\/wp-json\/wp\/v2\/pages"}],"about":[{"href":"https:\/\/carriehandmade.com\/en\/wp-json\/wp\/v2\/types\/page"}],"author":[{"embeddable":true,"href":"https:\/\/carriehandmade.com\/en\/wp-json\/wp\/v2\/users\/1"}],"replies":[{"embeddable":true,"href":"https:\/\/carriehandmade.com\/en\/wp-json\/wp\/v2\/comments?post=53"}],"version-history":[{"count":4,"href":"https:\/\/carriehandmade.com\/en\/wp-json\/wp\/v2\/pages\/53\/revisions"}],"predecessor-version":[{"id":57,"href":"https:\/\/carriehandmade.com\/en\/wp-json\/wp\/v2\/pages\/53\/revisions\/57"}],"wp:attachment":[{"href":"https:\/\/carriehandmade.com\/en\/wp-json\/wp\/v2\/media?parent=53"}],"curies":[{"name":"wp","href":"https:\/\/api.w.org\/{rel}","templated":true}]}}