{"id":58,"date":"2025-11-30T20:38:45","date_gmt":"2025-11-30T20:38:45","guid":{"rendered":"https:\/\/carriehandmade.com\/?page_id=58"},"modified":"2025-11-30T20:39:39","modified_gmt":"2025-11-30T20:39:39","slug":"termos-e-condicoes","status":"publish","type":"page","link":"https:\/\/carriehandmade.com\/en\/termos-e-condicoes\/","title":{"rendered":"Terms and Conditions"},"content":{"rendered":"<div data-elementor-type=\"wp-page\" data-elementor-id=\"58\" class=\"elementor elementor-58\">\n\t\t\t\t<div class=\"elementor-element elementor-element-a265afc e-flex e-con-boxed wpr-particle-no wpr-jarallax-no wpr-parallax-no wpr-sticky-section-no wpr-equal-height-no e-con e-parent\" data-id=\"a265afc\" data-element_type=\"container\" data-e-type=\"container\">\n\t\t\t\t\t<div class=\"e-con-inner\">\n\t\t<div class=\"elementor-element elementor-element-963c934 e-con-full e-flex wpr-particle-no wpr-jarallax-no wpr-parallax-no wpr-sticky-section-no wpr-equal-height-no e-con e-child\" data-id=\"963c934\" data-element_type=\"container\" data-e-type=\"container\">\n\t\t\t\t<div class=\"elementor-element elementor-element-5b8a175 elementor-widget elementor-widget-heading\" data-id=\"5b8a175\" data-element_type=\"widget\" data-e-type=\"widget\" data-widget_type=\"heading.default\">\n\t\t\t\t\t<h2 class=\"elementor-heading-title elementor-size-default\">Terms and Conditions<\/h2>\t\t\t\t<\/div>\n\t\t\t\t<div class=\"elementor-element elementor-element-8708089 elementor-widget elementor-widget-text-editor\" data-id=\"8708089\" data-element_type=\"widget\" data-e-type=\"widget\" data-widget_type=\"text-editor.default\">\n\t\t\t\t\t\t\t\t\t<h2 class=\"wp-block-heading\">Welcome to Carrie Handmade<\/h2><p><!-- \/wp:heading --><!-- wp:paragraph --><\/p><p>These terms and conditions define the rules and regulations for the use of the Carrie Handmade Website.<br \/><br \/>By accessing this website, we assume you accept these terms and conditions in full. Do not continue to use the Carrie Handmade website if you do not accept all the terms and services mentioned on this page.<br \/><br \/>A terminologia seguinte aplica-se as estes Termos e Condi\u00e7\u00f5es, Declara\u00e7\u00e3o de Privacidade e Aviso de Isen\u00e7\u00e3o de Responsabilidade, assim como a todo e qualquer Acordo: <strong>Cliente<\/strong>, <strong>Voc\u00ea<\/strong> e <strong>Seu<\/strong> referem-se a si, a pessoa que est\u00e1 a aceder a este site para aceitar os termos e condi\u00e7\u00f5es da Empresa. A <strong>Empresa<\/strong>, <strong>N\u00f3s<\/strong> e <strong>Nosso<\/strong>, referem-se \u00e0 nossa <strong>Empresa<\/strong>. <strong>Entidade<\/strong>, <strong>Entidades<\/strong>, ou <strong>N\u00f3s<\/strong>, referem-se tanto ao Cliente como a n\u00f3s, ou s\u00f3 ao cliente ou a n\u00f3s.<br \/><br \/>Todos os termos referem-se \u00e0 oferta, aceita\u00e7\u00e3o e considera\u00e7\u00e3o do pagamento necess\u00e1rio para levar a cabo o processo da nossa assist\u00eancia ao Cliente da forma mais apropriada, seja atrav\u00e9s de reuni\u00f5es formais de dura\u00e7\u00e3o fixa, ou qualquer outro meio, com o objetivo expresso de cumprir as necessidades do Cliente no que diz respeito ao fornecimento dos servi\u00e7os\/produtos da Empresa, de acordo com, e sujeito \u00e0 lei vigente.<br \/><br \/>Qualquer uso da terminologia acima ou outras palavras no singular, plural, em mai\u00fascula\/min\u00fascula e\/ou ele\/ela ou eles\/elas s\u00e3o tomados como intermut\u00e1veis e, portanto, referem-se ao mesmo.<\/p><p>\u00a0<\/p><h3>Cookies<\/h3><p>We use cookies. By using the Carrie Handmade website, you consent to the use of cookies in accordance with Carrie Handmade's privacy policy. Most interactive websites today use cookies that allow us to retrieve user details for each visit.<br \/><br \/>Cookies are used in some areas of our website to enable the functionality of that area and to make it easier for visitors to use the site. Some of our affiliate\/advertising partners may also use cookies.<br \/><br \/><\/p><h3>License<\/h3><p>Unless otherwise stated, Carrie Handmade and\/or its licensors own the intellectual property rights to all material on Carrie Handmade.<br \/><br \/>All intellectual property rights are reserved. You may view and\/or print pages from http:\/\/carriehandmade.pt\/ for your personal use, subject to the restrictions set out in these terms and conditions.<\/p><p>\u00a0<\/p><h4>You must not:<\/h4><ul><li>Republish material from http:\/\/carriehandmade.pt\/<\/li><li>Selling, renting, or sub-licensing material from http:\/\/carriehandmade.pt\/<\/li><li>Reproducing, duplicating, or copying material from http:\/\/carriehandmade.pt\/ is prohibited.<\/li><li>Redistribute content from Carrie Handmade (unless the content is specifically made for redistribution).<\/li><\/ul><p>\u00a0<\/p><h4>Warning<\/h4><p>To the maximum extent permitted by applicable law, we exclude all representations, warranties and conditions relating to our website and the use of this website (including, without limitation, any warranty implied by law regarding satisfactory quality, fitness for purpose and\/or the use of reasonable care and skill). Nothing in this disclaimer will:<\/p><ul><li>To limit or exclude our or your liability for death or personal injury resulting from negligence.<\/li><li>To limit or exclude our or your liability for fraud or fraudulent misrepresentation.<\/li><li>To limit any liability on our part or yours in any way that is not permitted under applicable law.<\/li><li>Or exclude any of our, or your, liabilities that cannot be excluded under applicable law.<\/li><\/ul><p>\u00a0<\/p><p>The limitations and exclusions of liability set out in this Section and elsewhere in this notice:<\/p><ol><li>Are subject to the preceding paragraph;<\/li><li>All liabilities under this notice or in connection with the subject matter of this notice are governed by this notice, including liabilities arising in contract, tort (including negligence) and for any breach of statutory duty.<\/li><\/ol><p>\u00a0<\/p><p>Insofar as the website, the information and the services on the website are provided free of charge, we will not be liable for any loss or damage of any kind.<\/p>\t\t\t\t\t\t\t\t<\/div>\n\t\t\t\t<\/div>\n\t\t\t\t\t<\/div>\n\t\t\t\t<\/div>\n\t\t\t\t<\/div>","protected":false},"excerpt":{"rendered":"<p>Termos e Condi\u00e7\u00f5es Bem-vindo \u00e0 Carrie Handmade Estes termos e condi\u00e7\u00f5es definem as regras e regulamentos para a utiliza\u00e7\u00e3o do Website da Carrie Handmade. Ao aceder a este site, presumimos que aceita estes termos e condi\u00e7\u00f5es na totalidade. N\u00e3o continue a utilizar o site da Carrie Handmade se n\u00e3o aceitar todos os termos e servi\u00e7os referidos nesta p\u00e1gina. A terminologia seguinte aplica-se as estes Termos e Condi\u00e7\u00f5es, Declara\u00e7\u00e3o de Privacidade e Aviso de Isen\u00e7\u00e3o de Responsabilidade, assim como a todo e qualquer Acordo: Cliente, Voc\u00ea e Seu referem-se a si, a pessoa que est\u00e1 a aceder a este site para aceitar os termos e condi\u00e7\u00f5es da Empresa. A Empresa, N\u00f3s e Nosso, referem-se \u00e0 nossa Empresa. Entidade, Entidades, ou N\u00f3s, referem-se tanto ao Cliente como a n\u00f3s, ou s\u00f3 ao cliente ou a n\u00f3s. Todos os termos referem-se \u00e0 oferta, aceita\u00e7\u00e3o e considera\u00e7\u00e3o do pagamento necess\u00e1rio para levar a cabo o processo da nossa assist\u00eancia ao Cliente da forma mais apropriada, seja atrav\u00e9s de reuni\u00f5es formais de dura\u00e7\u00e3o fixa, ou qualquer outro meio, com o objetivo expresso de cumprir as necessidades do Cliente no que diz respeito ao fornecimento dos servi\u00e7os\/produtos da Empresa, de acordo com, e sujeito \u00e0 lei vigente. Qualquer uso da terminologia acima ou outras palavras no singular, plural, em mai\u00fascula\/min\u00fascula e\/ou ele\/ela ou eles\/elas s\u00e3o tomados como intermut\u00e1veis e, portanto, referem-se ao mesmo. \u00a0 Cookies Utilizamos cookies. Ao usar o site da Carrie Handmade consente a utiliza\u00e7\u00e3o de cookies de acordo com a pol\u00edtica de privacidade da Carrie Handmade. A maioria dos sites interativos de hoje em dia usam cookies que nos permitem recuperar os detalhes do utilizador para cada visita. As cookies s\u00e3o usadas em algumas \u00e1reas do nosso site para permitir a funcionalidade desta \u00e1rea e facilitar a utiliza\u00e7\u00e3o dos visitantes. Alguns dos nossos afiliados \/ parceiros publicit\u00e1rios podem tamb\u00e9m usar cookies. Licen\u00e7a Excetuando refer\u00eancia em contr\u00e1rio, a Carrie Handmade e\/ou os seus licenciantes s\u00e3o propriet\u00e1rios dos direitos de propriedade intelectual para todo o material em Carrie Handmade. Todos os direitos de propriedade intelectual s\u00e3o reservados. Pode visualizar e\/ou imprimir p\u00e1ginas de http:\/\/carriehandmade.pt\/ para o seu uso pessoal, sujeito \u00e0s restri\u00e7\u00f5es definidas nestes termos e condi\u00e7\u00f5es. \u00a0 N\u00e3o deve: Republicar material de http:\/\/carriehandmade.pt\/ Vender, alugar ou sub-licenciar material de http:\/\/carriehandmade.pt\/ Reproduzir, duplicar ou copiar material de http:\/\/carriehandmade.pt\/ Redistribuir conte\u00fado de Carrie Handmade (a n\u00e3o ser que o conte\u00fado seja feito especificamente para redistribui\u00e7\u00e3o). \u00a0 Aviso No limite m\u00e1ximo permitido pela lei aplic\u00e1vel, exclu\u00edmos todas as representa\u00e7\u00f5es, garantias e condi\u00e7\u00f5es relacionadas com o nosso site e com a utiliza\u00e7\u00e3o deste site (incluindo, sem limita\u00e7\u00e3o, qualquer garantia impl\u00edcita na lei a respeito de qualidade satisfat\u00f3ria, adequa\u00e7\u00e3o ao prop\u00f3sito e\/ou utiliza\u00e7\u00e3o de cuidado e habilidade razo\u00e1vel). Nada neste aviso ir\u00e1: Limitar ou excluir a nossa ou a sua responsabilidade devido a morte ou les\u00f5es pessoais resultantes de neglig\u00eancia. Limitar ou excluir a nossa ou a sua responsabilidade por fraude ou declara\u00e7\u00f5es fraudulentas. Limitar qualquer responsabilidade nossa ou sua de qualquer forma que n\u00e3o seja permitida de acordo com a lei aplic\u00e1vel. Ou excluir qualquer das nossas, ou das suas, responsabilidades que n\u00e3o possam ser exclu\u00eddas de acordo com a lei aplic\u00e1vel. \u00a0 As limita\u00e7\u00f5es e exclus\u00f5es de responsabilidade definidas nesta Sec\u00e7\u00e3o e em outros locais deste aviso: est\u00e3o sujeitas ao par\u00e1grafo precedente; e governam todas as responsabilidades de acordo com este aviso ou em rela\u00e7\u00e3o com a mat\u00e9ria em quest\u00e3o neste aviso, incluindo responsabilidades que surjam em contrato, responsabilidade civil (incluindo negligencia) e por qualquer quebra de dever estatut\u00e1rio. \u00a0 Na medida em que o site, a informa\u00e7\u00e3o e os servi\u00e7os no site s\u00e3o fornecidos sem qualquer custo, n\u00e3o seremos respons\u00e1veis por qualquer perda ou dano de qualquer natureza.<\/p>","protected":false},"author":1,"featured_media":0,"parent":0,"menu_order":0,"comment_status":"closed","ping_status":"closed","template":"","meta":{"footnotes":""},"class_list":["post-58","page","type-page","status-publish","hentry"],"aioseo_notices":[],"_hostinger_reach_plugin_has_subscription_block":false,"_hostinger_reach_plugin_is_elementor":false,"_links":{"self":[{"href":"https:\/\/carriehandmade.com\/en\/wp-json\/wp\/v2\/pages\/58","targetHints":{"allow":["GET"]}}],"collection":[{"href":"https:\/\/carriehandmade.com\/en\/wp-json\/wp\/v2\/pages"}],"about":[{"href":"https:\/\/carriehandmade.com\/en\/wp-json\/wp\/v2\/types\/page"}],"author":[{"embeddable":true,"href":"https:\/\/carriehandmade.com\/en\/wp-json\/wp\/v2\/users\/1"}],"replies":[{"embeddable":true,"href":"https:\/\/carriehandmade.com\/en\/wp-json\/wp\/v2\/comments?post=58"}],"version-history":[{"count":4,"href":"https:\/\/carriehandmade.com\/en\/wp-json\/wp\/v2\/pages\/58\/revisions"}],"predecessor-version":[{"id":62,"href":"https:\/\/carriehandmade.com\/en\/wp-json\/wp\/v2\/pages\/58\/revisions\/62"}],"wp:attachment":[{"href":"https:\/\/carriehandmade.com\/en\/wp-json\/wp\/v2\/media?parent=58"}],"curies":[{"name":"wp","href":"https:\/\/api.w.org\/{rel}","templated":true}]}}