{"id":156,"date":"2025-12-01T22:36:57","date_gmt":"2025-12-01T22:36:57","guid":{"rendered":"https:\/\/carriehandmade.com\/?post_type=product&#038;p=156"},"modified":"2025-12-01T22:39:22","modified_gmt":"2025-12-01T22:39:22","slug":"personaliza-a-tua-bolsa-para-portatil","status":"publish","type":"product","link":"https:\/\/carriehandmade.com\/en\/product\/personaliza-a-tua-bolsa-para-portatil\/","title":{"rendered":"Customize your laptop bag"},"content":{"rendered":"<h2>Customize your laptop bag \ud83e\uddf5<\/h2>\n<p>This bag offers versatile storage solutions for all your laptop, available in two sizes. Manufactured with precision and care, no two are exactly alike, which means you are purchasing a truly unique product.<\/p>\n<p>Production Time:<br \/>\n(Each bag is made to order \u2013 handmade in Portugal)<\/p>\n<p>Each bag is made to order and production time is 1 to 2 weeks, sometimes more, sometimes less, depending on the number of orders.<\/p>\n<p>To find out when to expect delivery or request a specific delivery date, send an email or message to Instagram to get an estimate of your order's delivery time.<\/p>\n<p>PLEASE NOTE THAT SHIPPING TIME IS ADDITIONAL TO PRODUCTION TIME.<\/p>","protected":false},"excerpt":{"rendered":"<p>Personaliza a tua bolsa para port\u00e1til\ud83e\uddf5 Este bolsa oferece solu\u00e7\u00f5es de arruma\u00e7\u00e3o vers\u00e1teis para todas o teu port\u00e1til, disponivel em dois tamanhos. Fabricada com precis\u00e3o e cuidado, n\u00e3o h\u00e1 duas exatamente iguais, o que significa que est\u00e1s a adquirir um produto verdadeiramente \u00fanico. Tempo de Produ\u00e7\u00e3o: (Cada bolsa \u00e9 feita por encomenda &#8211; feita \u00e0 m\u00e3o em Portugal) Cada bolsa \u00e9 feita por encomenda e o tempo de produ\u00e7\u00e3o \u00e9 de 1 a 2 semanas, \u00e0s vezes mais, \u00e0s vezes menos, dependendo do n\u00famero de encomendas. Para saber quando esperar a entrega ou solicitar uma data de entrega espec\u00edfica, envia um e-mail ou mensagem para o Instagram para obter uma estimativa do tempo de entrega da tua encomenda. ATEN\u00c7\u00c3O QUE O TEMPO DE ENVIO \u00c9 ADICIONAL AO TEMPO DE PRODU\u00c7\u00c3O.<\/p>","protected":false},"featured_media":161,"comment_status":"open","ping_status":"closed","template":"","meta":[],"product_brand":[],"product_cat":[18],"product_tag":[],"class_list":{"0":"post-156","1":"product","2":"type-product","3":"status-publish","4":"has-post-thumbnail","6":"product_cat-personaliza-a-tua-bolsa","8":"first","9":"instock","10":"shipping-taxable","11":"purchasable","12":"product-type-variable"},"aioseo_notices":[],"_links":{"self":[{"href":"https:\/\/carriehandmade.com\/en\/wp-json\/wp\/v2\/product\/156","targetHints":{"allow":["GET"]}}],"collection":[{"href":"https:\/\/carriehandmade.com\/en\/wp-json\/wp\/v2\/product"}],"about":[{"href":"https:\/\/carriehandmade.com\/en\/wp-json\/wp\/v2\/types\/product"}],"replies":[{"embeddable":true,"href":"https:\/\/carriehandmade.com\/en\/wp-json\/wp\/v2\/comments?post=156"}],"version-history":[{"count":0,"href":"https:\/\/carriehandmade.com\/en\/wp-json\/wp\/v2\/product\/156\/revisions"}],"wp:featuredmedia":[{"embeddable":true,"href":"https:\/\/carriehandmade.com\/en\/wp-json\/wp\/v2\/media\/161"}],"wp:attachment":[{"href":"https:\/\/carriehandmade.com\/en\/wp-json\/wp\/v2\/media?parent=156"}],"wp:term":[{"taxonomy":"product_brand","embeddable":true,"href":"https:\/\/carriehandmade.com\/en\/wp-json\/wp\/v2\/product_brand?post=156"},{"taxonomy":"product_cat","embeddable":true,"href":"https:\/\/carriehandmade.com\/en\/wp-json\/wp\/v2\/product_cat?post=156"},{"taxonomy":"product_tag","embeddable":true,"href":"https:\/\/carriehandmade.com\/en\/wp-json\/wp\/v2\/product_tag?post=156"}],"curies":[{"name":"wp","href":"https:\/\/api.w.org\/{rel}","templated":true}]}}