{"id":220,"date":"2025-12-02T09:41:40","date_gmt":"2025-12-02T09:41:40","guid":{"rendered":"https:\/\/carriehandmade.com\/?post_type=product&#038;p=220"},"modified":"2025-12-02T09:41:40","modified_gmt":"2025-12-02T09:41:40","slug":"morangos-%f0%9f%8d%93-bolsa-s","status":"publish","type":"product","link":"https:\/\/carriehandmade.com\/en\/product\/morangos-%f0%9f%8d%93-bolsa-s\/","title":{"rendered":"Strawberries \ud83c\udf53 Small bag"},"content":{"rendered":"<h2>Strawberries Small bag, perfect for storing objects and liquids<\/h2>\n<p>Dimensions: 17x12x6cm<\/p>\n<p>Composition: exterior 50% polyester\/50% cotton, interior 50% polyester\/50% cotton<\/p>\n<p>How to wash: Cold wash, 30 degrees without spinning, do not tumble dry<\/p>","protected":false},"excerpt":{"rendered":"<p>Morangos Bolsa tamanho S prefeito para guardar objectos e liquidos Medidas: 17x12x6cm Composi\u00e7ao: exterior 50% poliester\/50% algod\u00e3o, interior 50% poliester\/50% algod\u00e3o Como Lavar: Lavagem a frio, 30 graus sem centrifuga\u00e7\u00e3o, n\u00e3o secar na m\u00e1quina<\/p>","protected":false},"featured_media":221,"comment_status":"open","ping_status":"closed","template":"","meta":[],"product_brand":[],"product_cat":[19],"product_tag":[],"class_list":{"0":"post-220","1":"product","2":"type-product","3":"status-publish","4":"has-post-thumbnail","6":"product_cat-pronto-a-entregar","8":"first","9":"instock","10":"shipping-taxable","11":"purchasable","12":"product-type-simple"},"aioseo_notices":[],"_links":{"self":[{"href":"https:\/\/carriehandmade.com\/en\/wp-json\/wp\/v2\/product\/220","targetHints":{"allow":["GET"]}}],"collection":[{"href":"https:\/\/carriehandmade.com\/en\/wp-json\/wp\/v2\/product"}],"about":[{"href":"https:\/\/carriehandmade.com\/en\/wp-json\/wp\/v2\/types\/product"}],"replies":[{"embeddable":true,"href":"https:\/\/carriehandmade.com\/en\/wp-json\/wp\/v2\/comments?post=220"}],"version-history":[{"count":0,"href":"https:\/\/carriehandmade.com\/en\/wp-json\/wp\/v2\/product\/220\/revisions"}],"wp:featuredmedia":[{"embeddable":true,"href":"https:\/\/carriehandmade.com\/en\/wp-json\/wp\/v2\/media\/221"}],"wp:attachment":[{"href":"https:\/\/carriehandmade.com\/en\/wp-json\/wp\/v2\/media?parent=220"}],"wp:term":[{"taxonomy":"product_brand","embeddable":true,"href":"https:\/\/carriehandmade.com\/en\/wp-json\/wp\/v2\/product_brand?post=220"},{"taxonomy":"product_cat","embeddable":true,"href":"https:\/\/carriehandmade.com\/en\/wp-json\/wp\/v2\/product_cat?post=220"},{"taxonomy":"product_tag","embeddable":true,"href":"https:\/\/carriehandmade.com\/en\/wp-json\/wp\/v2\/product_tag?post=220"}],"curies":[{"name":"wp","href":"https:\/\/api.w.org\/{rel}","templated":true}]}}