{"id":245,"date":"2025-12-02T10:02:19","date_gmt":"2025-12-02T10:02:19","guid":{"rendered":"https:\/\/carriehandmade.com\/?post_type=product&#038;p=245"},"modified":"2025-12-02T10:02:19","modified_gmt":"2025-12-02T10:02:19","slug":"coracoes%f0%9f%a9%b7porta-chaves","status":"publish","type":"product","link":"https:\/\/carriehandmade.com\/en\/product\/coracoes%f0%9f%a9%b7porta-chaves\/","title":{"rendered":"Hearts\ud83e\ude77Keyring"},"content":{"rendered":"<h2>Heart-shaped key rings for storing money or small objects, with a ring for keys.<\/h2>\n<p>Dimensions: 9x6x4cm<\/p>\n<p>Composition: exterior 100% cotton, interior 50% polyester, 50% cotton<\/p>\n<p>How to wash: Cold wash, 30 degrees without spinning, do not tumble dry<\/p>","protected":false},"excerpt":{"rendered":"<p>Cora\u00e7\u00f5es Porta chaves prefeito para guardar dinheiro ou pequenos objetos, com uma argola para chaves. Medidas:\u00a09x6x4cm Composi\u00e7ao: exterior 100% algod\u00e3o, interios 50% poliester 50 algod\u00e3o Como Lavar: Lavagem a frio, 30 graus sem centrifuga\u00e7\u00e3o, n\u00e3o secar na m\u00e1quina<\/p>","protected":false},"featured_media":246,"comment_status":"open","ping_status":"closed","template":"","meta":[],"product_brand":[],"product_cat":[19],"product_tag":[],"class_list":{"0":"post-245","1":"product","2":"type-product","3":"status-publish","4":"has-post-thumbnail","6":"product_cat-pronto-a-entregar","8":"first","9":"instock","10":"shipping-taxable","11":"purchasable","12":"product-type-simple"},"aioseo_notices":[],"_links":{"self":[{"href":"https:\/\/carriehandmade.com\/en\/wp-json\/wp\/v2\/product\/245","targetHints":{"allow":["GET"]}}],"collection":[{"href":"https:\/\/carriehandmade.com\/en\/wp-json\/wp\/v2\/product"}],"about":[{"href":"https:\/\/carriehandmade.com\/en\/wp-json\/wp\/v2\/types\/product"}],"replies":[{"embeddable":true,"href":"https:\/\/carriehandmade.com\/en\/wp-json\/wp\/v2\/comments?post=245"}],"version-history":[{"count":0,"href":"https:\/\/carriehandmade.com\/en\/wp-json\/wp\/v2\/product\/245\/revisions"}],"wp:featuredmedia":[{"embeddable":true,"href":"https:\/\/carriehandmade.com\/en\/wp-json\/wp\/v2\/media\/246"}],"wp:attachment":[{"href":"https:\/\/carriehandmade.com\/en\/wp-json\/wp\/v2\/media?parent=245"}],"wp:term":[{"taxonomy":"product_brand","embeddable":true,"href":"https:\/\/carriehandmade.com\/en\/wp-json\/wp\/v2\/product_brand?post=245"},{"taxonomy":"product_cat","embeddable":true,"href":"https:\/\/carriehandmade.com\/en\/wp-json\/wp\/v2\/product_cat?post=245"},{"taxonomy":"product_tag","embeddable":true,"href":"https:\/\/carriehandmade.com\/en\/wp-json\/wp\/v2\/product_tag?post=245"}],"curies":[{"name":"wp","href":"https:\/\/api.w.org\/{rel}","templated":true}]}}