{"id":289,"date":"2025-12-02T10:25:41","date_gmt":"2025-12-02T10:25:41","guid":{"rendered":"https:\/\/carriehandmade.com\/?post_type=product&#038;p=289"},"modified":"2025-12-02T10:25:41","modified_gmt":"2025-12-02T10:25:41","slug":"bolsa-necessaire-mini","status":"publish","type":"product","link":"https:\/\/carriehandmade.com\/en\/product\/bolsa-necessaire-mini\/","title":{"rendered":"Mini Toiletry Bag"},"content":{"rendered":"<h2>Mini bag, perfect for storing objects and liquids<\/h2>\n<p>Dimensions: 12x7x6cm<\/p>\n<p>Composition: exterior 50% polyester\/50% cotton, interior 50% polyester\/50% cotton<\/p>\n<p>How to wash: Cold wash, 30 degrees without spinning, do not tumble dry<\/p>","protected":false},"excerpt":{"rendered":"<p>Bolsa tamanho Mini prefeita para guardar objectos e liquidos Medidas: 12x7x6cm Composi\u00e7ao: exterior 50% poliester\/50% algod\u00e3o, interior 50% poliester\/50% algod\u00e3o Como Lavar: Lavagem a frio, 30 graus sem centrifuga\u00e7\u00e3o, n\u00e3o secar na m\u00e1quina<\/p>","protected":false},"featured_media":290,"comment_status":"open","ping_status":"closed","template":"","meta":[],"product_brand":[],"product_cat":[19],"product_tag":[],"class_list":{"0":"post-289","1":"product","2":"type-product","3":"status-publish","4":"has-post-thumbnail","6":"product_cat-pronto-a-entregar","8":"first","9":"instock","10":"shipping-taxable","11":"purchasable","12":"product-type-simple"},"aioseo_notices":[],"_links":{"self":[{"href":"https:\/\/carriehandmade.com\/en\/wp-json\/wp\/v2\/product\/289","targetHints":{"allow":["GET"]}}],"collection":[{"href":"https:\/\/carriehandmade.com\/en\/wp-json\/wp\/v2\/product"}],"about":[{"href":"https:\/\/carriehandmade.com\/en\/wp-json\/wp\/v2\/types\/product"}],"replies":[{"embeddable":true,"href":"https:\/\/carriehandmade.com\/en\/wp-json\/wp\/v2\/comments?post=289"}],"version-history":[{"count":0,"href":"https:\/\/carriehandmade.com\/en\/wp-json\/wp\/v2\/product\/289\/revisions"}],"wp:featuredmedia":[{"embeddable":true,"href":"https:\/\/carriehandmade.com\/en\/wp-json\/wp\/v2\/media\/290"}],"wp:attachment":[{"href":"https:\/\/carriehandmade.com\/en\/wp-json\/wp\/v2\/media?parent=289"}],"wp:term":[{"taxonomy":"product_brand","embeddable":true,"href":"https:\/\/carriehandmade.com\/en\/wp-json\/wp\/v2\/product_brand?post=289"},{"taxonomy":"product_cat","embeddable":true,"href":"https:\/\/carriehandmade.com\/en\/wp-json\/wp\/v2\/product_cat?post=289"},{"taxonomy":"product_tag","embeddable":true,"href":"https:\/\/carriehandmade.com\/en\/wp-json\/wp\/v2\/product_tag?post=289"}],"curies":[{"name":"wp","href":"https:\/\/api.w.org\/{rel}","templated":true}]}}