{"id":314,"date":"2025-12-02T10:35:04","date_gmt":"2025-12-02T10:35:04","guid":{"rendered":"https:\/\/carriehandmade.com\/?post_type=product&#038;p=314"},"modified":"2025-12-02T10:35:04","modified_gmt":"2025-12-02T10:35:04","slug":"bolsa-para-oculos","status":"publish","type":"product","link":"https:\/\/carriehandmade.com\/en\/product\/bolsa-para-oculos\/","title":{"rendered":"Glasses Case"},"content":{"rendered":"<h2>Ideal case for storing glasses or other small items.<\/h2>\n<p>Dimensions: 17 x 9 cm.<\/p>\n<p>Composition: exterior 50% polyester\/50% cotton, interior 50% polyester\/50% cotton.<\/p>\n<p>Care instructions: Wash cold at 30 degrees, no spin cycle, do not tumble dry.<\/p>","protected":false},"excerpt":{"rendered":"<p>Estojo ideal para guardar \u00f3culos ou outros pequenos objetos. Dimens\u00f5es: 17 x 9 cm. Composi\u00e7\u00e3o: exterior 50% poli\u00e9ster\/50% algod\u00e3o, interior 50% poli\u00e9ster\/50% algod\u00e3o. Instru\u00e7\u00f5es de cuidados: Lavar a frio, a 30 graus, sem centrifuga\u00e7\u00e3o, n\u00e3o secar na m\u00e1quina.<\/p>","protected":false},"featured_media":315,"comment_status":"open","ping_status":"closed","template":"","meta":[],"product_brand":[],"product_cat":[19],"product_tag":[],"class_list":{"0":"post-314","1":"product","2":"type-product","3":"status-publish","4":"has-post-thumbnail","6":"product_cat-pronto-a-entregar","8":"first","9":"instock","10":"shipping-taxable","11":"purchasable","12":"product-type-simple"},"aioseo_notices":[],"_links":{"self":[{"href":"https:\/\/carriehandmade.com\/en\/wp-json\/wp\/v2\/product\/314","targetHints":{"allow":["GET"]}}],"collection":[{"href":"https:\/\/carriehandmade.com\/en\/wp-json\/wp\/v2\/product"}],"about":[{"href":"https:\/\/carriehandmade.com\/en\/wp-json\/wp\/v2\/types\/product"}],"replies":[{"embeddable":true,"href":"https:\/\/carriehandmade.com\/en\/wp-json\/wp\/v2\/comments?post=314"}],"version-history":[{"count":0,"href":"https:\/\/carriehandmade.com\/en\/wp-json\/wp\/v2\/product\/314\/revisions"}],"wp:featuredmedia":[{"embeddable":true,"href":"https:\/\/carriehandmade.com\/en\/wp-json\/wp\/v2\/media\/315"}],"wp:attachment":[{"href":"https:\/\/carriehandmade.com\/en\/wp-json\/wp\/v2\/media?parent=314"}],"wp:term":[{"taxonomy":"product_brand","embeddable":true,"href":"https:\/\/carriehandmade.com\/en\/wp-json\/wp\/v2\/product_brand?post=314"},{"taxonomy":"product_cat","embeddable":true,"href":"https:\/\/carriehandmade.com\/en\/wp-json\/wp\/v2\/product_cat?post=314"},{"taxonomy":"product_tag","embeddable":true,"href":"https:\/\/carriehandmade.com\/en\/wp-json\/wp\/v2\/product_tag?post=314"}],"curies":[{"name":"wp","href":"https:\/\/api.w.org\/{rel}","templated":true}]}}